{"id":1275,"date":"2025-10-30T10:48:26","date_gmt":"2025-10-30T10:48:26","guid":{"rendered":"https:\/\/delroysnaturaladvice.com\/?post_type=product&#038;p=1275"},"modified":"2026-02-14T20:07:30","modified_gmt":"2026-02-14T20:07:30","slug":"plant-oherbals-black-walnut-complex","status":"publish","type":"product","link":"https:\/\/delroysnaturaladvice.com\/nl\/product\/plant-oherbals-black-walnut-complex\/","title":{"rendered":"Plant O\u2019Herbals Zwarte Walnoot complex"},"content":{"rendered":"<p data-start=\"361\" data-end=\"630\" class=\"translation-block\">Dit vloeibare kruidencomplex van Plant O\u2019Herbals, ons eigen merk, bevat een zorgvuldig samengestelde mix van plantenextracten, waaronder Zwarte walnoot (Juglans nigra).\nHet product wordt traditioneel gebruikt ter ondersteuning van het lichaam, vooral bij inwendige reiniging, het behoud van een gezonde darmflora en als ondersteuning bij onbalans door parasieten.<\/p>\n<h3 data-start=\"637\" data-end=\"663\"><strong data-start=\"641\" data-end=\"663\">Planteninformatie<\/strong><\/h3>\n<p data-start=\"665\" data-end=\"839\"><strong data-start=\"665\" data-end=\"681\">Zwarte Walnoot<\/strong><br data-start=\"681\" data-end=\"684\" \/>Afkomstig van de schil van de vrucht van de boom, wordt Zwarte walnoot traditioneel gebruikt ter ondersteuning van de inwendige reiniging en om het lichaam in balans te houden.<\/p>\n<p data-start=\"841\" data-end=\"1008\" class=\"translation-block\"><strong>Pau d\u2019Arco<\/strong><br>Ook bekend als <em>Lapacho<\/em> of <em>Taheebo<\/em>, de binnenbast van de <em>Tabebuia<\/em>-boom wordt traditioneel gebruikt ter ondersteuning van het immuunsysteem en de algehele vitaliteit.<\/p>\n<p data-start=\"1010\" data-end=\"1171\"><strong data-start=\"1010\" data-end=\"1022\">Alsem<\/strong><br data-start=\"1022\" data-end=\"1025\" \/>Een bitter kruid dat de spijsvertering en de maag-darmfunctie ondersteunt. Het stimuleert de eetlust en draagt bij aan een gezonde spijsvertering.<\/p>\n<p data-start=\"1173\" data-end=\"1325\"><strong data-start=\"1173\" data-end=\"1182\">Kruidenagel<\/strong><br data-start=\"1182\" data-end=\"1185\" \/>Bekend om zijn verwarmende en zuiverende eigenschappen en rijk aan natuurlijke antioxidanten zoals eugenol. Ondersteunt een gezonde darmbalans.<\/p>\n<h3 data-start=\"1332\" data-end=\"1366\"><strong data-start=\"1336\" data-end=\"1364\">Samenstelling<\/strong><\/h3>\n<ul data-start=\"1367\" data-end=\"1640\">\n<li data-start=\"1367\" data-end=\"1439\">\n<p data-start=\"1369\" data-end=\"1439\"><strong data-start=\"1369\" data-end=\"1397\">Pau d\u2019Arco \/ Pau d\u2019arco<\/strong>\u00a0(<em data-start=\"1399\" data-end=\"1422\">Tabebuia impetiginosa<\/em>) \u2013 1:5 \u2013 35 ml<\/p>\n<\/li>\n<li data-start=\"1440\" data-end=\"1510\">\n<p data-start=\"1442\" data-end=\"1510\"><strong data-start=\"1442\" data-end=\"1475\">Black Walnut \/ Zwarte walnoot<\/strong> (<em data-start=\"1477\" data-end=\"1492\">Juglans nigra<\/em>) \u2013 1:10 \u2013 28 ml<\/p>\n<\/li>\n<li data-start=\"1511\" data-end=\"1574\">\n<p data-start=\"1513\" data-end=\"1574\"><strong data-start=\"1513\" data-end=\"1533\">Wormwood \/ Alsem<\/strong> (<em data-start=\"1535\" data-end=\"1557\">Artemisia absinthium<\/em>) \u2013 1:8 \u2013 22 ml<\/p>\n<\/li>\n<li data-start=\"1575\" data-end=\"1640\">\n<p data-start=\"1577\" data-end=\"1640\"><strong data-start=\"1577\" data-end=\"1599\">Clove \/ Kruidnagel<\/strong> (<em data-start=\"1601\" data-end=\"1622\">Syzygium aromaticum<\/em>) \u2013 1:10 \u2013 15 ml<\/p>\n<\/li>\n<\/ul>\n<h3 data-start=\"1647\" data-end=\"1668\"><strong data-start=\"1651\" data-end=\"1666\">Ingredi\u00ebnten<\/strong><\/h3>\n<p data-start=\"1669\" data-end=\"1742\">Pau d\u2019Arco, Zwarte walnoot, Alsem, Kruidnagel<br data-start=\"1710\" data-end=\"1713\" \/><strong data-start=\"1713\" data-end=\"1722\">Let op:<\/strong> bevat alcohol<\/p>\n<h3 data-start=\"1749\" data-end=\"1777\"><strong data-start=\"1753\" data-end=\"1775\">Gebruiksaanwijzing<\/strong><\/h3>\n<p data-start=\"1778\" data-end=\"1853\">Tenzij anders aanbevolen: 15\u201320 druppels, 3\u20134\u00d7 per dag in 100 ml lauwwarm water, bij voorkeur v\u00f3\u00f3r de maaltijd.<\/p>\n<h3 data-start=\"1860\" data-end=\"1877\"><strong data-start=\"1864\" data-end=\"1875\">Waarschuwingen<\/strong><\/h3>\n<p data-start=\"1878\" data-end=\"2107\" class=\"translation-block\">Niet gebruiken tijdens zwangerschap of borstvoeding.\nNatuurlijke middelen kunnen de werking van bepaalde medicijnen be\u00efnvloeden.\nRaadpleeg v\u00f3\u00f3r gebruik een gekwalificeerd zorgverlener.\nBewaar op een koele, droge plaats, buiten het bereik van kinderen.<\/p>","protected":false},"excerpt":{"rendered":"<p data-start=\"234\" data-end=\"327\">Een vloeibaar kruidencomplex ter ondersteuning van de inwendige reiniging, de darmgezondheid en de natuurlijke weerstand.<\/p>\n<div class=\"shipping-info-box\">\n   <strong>Verzending<\/strong> \u20ac4.95 NL (Gratis &gt; \u20ac60) \u00b7 \u20ac12 BE \u00b7<br \/>\n\u20ac35 Caribbean (Bonaire \/ Saba \/ St.Eustatius \/ St.Maarten \/ Cura\u00e7ao \/ Aruba)<br \/>\n  <em>Levertijden vari\u00ebren per bestemming.<\/em><\/div>","protected":false},"featured_media":1276,"comment_status":"open","ping_status":"closed","template":"","meta":{"_kad_post_transparent":"default","_kad_post_title":"","_kad_post_layout":"default","_kad_post_sidebar_id":"","_kad_post_content_style":"default","_kad_post_vertical_padding":"default","_kad_post_feature":"","_kad_post_feature_position":"","_kad_post_header":false,"_kad_post_footer":false,"_kad_post_classname":""},"product_brand":[],"product_cat":[70],"product_tag":[79],"class_list":{"0":"post-1275","1":"product","2":"type-product","3":"status-publish","4":"has-post-thumbnail","6":"product_cat-herbs-en","7":"product_tag-detox","9":"first","10":"instock","11":"taxable","12":"shipping-taxable","13":"purchasable","14":"product-type-simple","15":"entry","16":"content-bg","17":"loop-entry"},"jetpack_sharing_enabled":true,"jetpack-related-posts":[{"id":1300,"url":"https:\/\/delroysnaturaladvice.com\/nl\/product\/soursop-leaves-a-sacred-leaf-of-strength-and-heritage\/","url_meta":{"origin":1275,"position":0},"title":"Zuurzakbladeren \u2013 Een heilig blad van kracht en erfgoed","author":"Delroy","date":"oktober 30, 2025","format":false,"excerpt":"A soothing Caribbean herbal infusion that supports natural cleansing, balance, and vitality. 100% natural \u2022 plant-based \u2022 Non-GMO \u2022 Carefully prepared in small batches Shipping: \u20ac4.95 NL (Free > \u20ac60) \u00b7 \u20ac12 BE \u00b7 \u20ac35 Caribbean (Bonaire \/ Saba \/ St.Eustatius \/ St.Maarten \/ Cura\u00e7ao \/ Aruba) Delivery times vary\u2026","rel":"","context":"Soortgelijk bericht","block_context":{"text":"Soortgelijk bericht","link":""},"img":{"alt_text":"","src":"https:\/\/i0.wp.com\/delroysnaturaladvice.com\/wp-content\/uploads\/2025\/10\/sourUntitled-Logo-2.png?resize=350%2C200&ssl=1","width":350,"height":200},"classes":[]},{"id":1203,"url":"https:\/\/delroysnaturaladvice.com\/nl\/product\/vital-root-detox-blend\/","url_meta":{"origin":1275,"position":1},"title":"Vital Root \u2013 Detoxmengsel \u2013 Voor een diepe reiniging","author":"Delroy","date":"oktober 23, 2025","format":false,"excerpt":"A natural herbal root blend that supports liver and kidney detox, boosts circulation, and restores inner vitality. 100% natural \u2022 plant-based \u2022 Non-GMO \u2022 Hand-blended in small batches. Shipping: \u20ac4.95 NL (Free > \u20ac60) \u00b7 \u20ac12 BE \u00b7 \u20ac35 Caribbean (Bonaire \/ Saba \/ St.Eustatius \/ St.Maarten \/ Cura\u00e7ao \/\u2026","rel":"","context":"Soortgelijk bericht","block_context":{"text":"Soortgelijk bericht","link":""},"img":{"alt_text":"","src":"https:\/\/i0.wp.com\/delroysnaturaladvice.com\/wp-content\/uploads\/2025\/10\/vital-detox-5x5-Logo.png?resize=350%2C200&ssl=1","width":350,"height":200},"classes":[]},{"id":1908,"url":"https:\/\/delroysnaturaladvice.com\/nl\/product\/herbal-inner-peace\/","url_meta":{"origin":1275,"position":2},"title":"Herbal Inner Peace 60 capsules","author":"Delroy","date":"januari 14, 2026","format":false,"excerpt":"Herbal Inner Peace by Plantovitamins combines botanical extracts, functional mushrooms, and amino acids in a vegan capsule. A thoughtfully composed herbal supplement designed to fit into a balanced daily routine. Shipping \u20ac4.95 NL (Free > \u20ac60) \u00b7 \u20ac12 BE \u00b7\u20ac35 Caribbean (Bonaire \/ Saba \/ St. Eustatius \/ St. Maarten\u2026","rel":"","context":"Soortgelijk bericht","block_context":{"text":"Soortgelijk bericht","link":""},"img":{"alt_text":"","src":"https:\/\/i0.wp.com\/delroysnaturaladvice.com\/wp-content\/uploads\/2026\/01\/plant-ovitamins-signed-by-nature-herbal-inner-peac.webp?resize=350%2C200&ssl=1","width":350,"height":200,"srcset":"https:\/\/i0.wp.com\/delroysnaturaladvice.com\/wp-content\/uploads\/2026\/01\/plant-ovitamins-signed-by-nature-herbal-inner-peac.webp?resize=350%2C200&ssl=1 1x, https:\/\/i0.wp.com\/delroysnaturaladvice.com\/wp-content\/uploads\/2026\/01\/plant-ovitamins-signed-by-nature-herbal-inner-peac.webp?resize=525%2C300&ssl=1 1.5x, https:\/\/i0.wp.com\/delroysnaturaladvice.com\/wp-content\/uploads\/2026\/01\/plant-ovitamins-signed-by-nature-herbal-inner-peac.webp?resize=700%2C400&ssl=1 2x"},"classes":[]},{"id":1471,"url":"https:\/\/delroysnaturaladvice.com\/nl\/product\/plant-omune-plantovitamins-60-capsules\/","url_meta":{"origin":1275,"position":3},"title":"Plant O&#8217;Mune Plantovitamins 60 capsules","author":"Delroy","date":"november 8, 2025","format":false,"excerpt":"This carefully crafted blend combines Bromelain, NAC, Nattokinase, Dandelion Root, Oregano, and L-Glutathione, a synergistic mix of enzymes, plant extracts, and antioxidants designed to support the body\u2019s natural defense, detoxification, and recovery processes. Shipping: \u20ac4.95 NL (Free > \u20ac60) \u00b7 \u20ac12 BE \u00b7 \u20ac35 Caribbean (Bonaire \/ Saba \/ St.Eustatius\u2026","rel":"","context":"Soortgelijk bericht","block_context":{"text":"Soortgelijk bericht","link":""},"img":{"alt_text":"","src":"https:\/\/i0.wp.com\/delroysnaturaladvice.com\/wp-content\/uploads\/2025\/11\/plant-ovitamins-signed-by-nature-nieuw-plant-omune.webp?resize=350%2C200&ssl=1","width":350,"height":200,"srcset":"https:\/\/i0.wp.com\/delroysnaturaladvice.com\/wp-content\/uploads\/2025\/11\/plant-ovitamins-signed-by-nature-nieuw-plant-omune.webp?resize=350%2C200&ssl=1 1x, https:\/\/i0.wp.com\/delroysnaturaladvice.com\/wp-content\/uploads\/2025\/11\/plant-ovitamins-signed-by-nature-nieuw-plant-omune.webp?resize=525%2C300&ssl=1 1.5x, https:\/\/i0.wp.com\/delroysnaturaladvice.com\/wp-content\/uploads\/2025\/11\/plant-ovitamins-signed-by-nature-nieuw-plant-omune.webp?resize=700%2C400&ssl=1 2x"},"classes":[]},{"id":1464,"url":"https:\/\/delroysnaturaladvice.com\/nl\/product\/go-pinus-montana-organic-100-ml-gemmotherapie\/","url_meta":{"origin":1275,"position":4},"title":"GO Pinus montana Biologisch \u2013 Gemmotherapie","author":"Delroy","date":"november 7, 2025","format":false,"excerpt":"Pinus montana (Mountain Pine) is a fresh, revitalizing gemmotherapy extract that supports the body\u2019s natural resilience. It helps maintain flexible joints, healthy muscles, and clear breathing, making it ideal for those seeking renewed strength and vitality, especially during recovery or colder seasons. Shipping: \u20ac4.95 NL (Free > \u20ac60) \u00b7 \u20ac12\u2026","rel":"","context":"Soortgelijk bericht","block_context":{"text":"Soortgelijk bericht","link":""},"img":{"alt_text":"","src":"https:\/\/i0.wp.com\/delroysnaturaladvice.com\/wp-content\/uploads\/2025\/11\/Untitled-Logo-4.png?resize=350%2C200&ssl=1","width":350,"height":200},"classes":[]},{"id":1467,"url":"https:\/\/delroysnaturaladvice.com\/nl\/product\/black-currant-ribes-nigrum-gemmotherapy-50-ml-traditional-gemmotherapy-formula\/","url_meta":{"origin":1275,"position":5},"title":"Zwarte bes \u2013 Ribes nigrum \u2013 Gemmotherapie 50 ml","author":"Delroy","date":"november 8, 2025","format":false,"excerpt":"Traditional gemmotherapy extract made from the young buds of Ribes nigrum (Black Currant), prepared in a blend of glycerol, water, and alcohol. Shipping: \u20ac4.95 NL (Free > \u20ac60) \u00b7 \u20ac12 BE \u00b7 \u20ac35 Caribbean (Bonaire \/ Saba \/ St.Eustatius \/ St.Maarten \/ Cura\u00e7ao \/ Aruba) Delivery times vary by destination.","rel":"","context":"Soortgelijk bericht","block_context":{"text":"Soortgelijk bericht","link":""},"img":{"alt_text":"","src":"https:\/\/i0.wp.com\/delroysnaturaladvice.com\/wp-content\/uploads\/2025\/11\/Ribes-Nigrum.webp?resize=350%2C200&ssl=1","width":350,"height":200,"srcset":"https:\/\/i0.wp.com\/delroysnaturaladvice.com\/wp-content\/uploads\/2025\/11\/Ribes-Nigrum.webp?resize=350%2C200&ssl=1 1x, https:\/\/i0.wp.com\/delroysnaturaladvice.com\/wp-content\/uploads\/2025\/11\/Ribes-Nigrum.webp?resize=525%2C300&ssl=1 1.5x, https:\/\/i0.wp.com\/delroysnaturaladvice.com\/wp-content\/uploads\/2025\/11\/Ribes-Nigrum.webp?resize=700%2C400&ssl=1 2x"},"classes":[]}],"_links":{"self":[{"href":"https:\/\/delroysnaturaladvice.com\/nl\/wp-json\/wp\/v2\/product\/1275","targetHints":{"allow":["GET"]}}],"collection":[{"href":"https:\/\/delroysnaturaladvice.com\/nl\/wp-json\/wp\/v2\/product"}],"about":[{"href":"https:\/\/delroysnaturaladvice.com\/nl\/wp-json\/wp\/v2\/types\/product"}],"replies":[{"embeddable":true,"href":"https:\/\/delroysnaturaladvice.com\/nl\/wp-json\/wp\/v2\/comments?post=1275"}],"wp:featuredmedia":[{"embeddable":true,"href":"https:\/\/delroysnaturaladvice.com\/nl\/wp-json\/wp\/v2\/media\/1276"}],"wp:attachment":[{"href":"https:\/\/delroysnaturaladvice.com\/nl\/wp-json\/wp\/v2\/media?parent=1275"}],"wp:term":[{"taxonomy":"product_brand","embeddable":true,"href":"https:\/\/delroysnaturaladvice.com\/nl\/wp-json\/wp\/v2\/product_brand?post=1275"},{"taxonomy":"product_cat","embeddable":true,"href":"https:\/\/delroysnaturaladvice.com\/nl\/wp-json\/wp\/v2\/product_cat?post=1275"},{"taxonomy":"product_tag","embeddable":true,"href":"https:\/\/delroysnaturaladvice.com\/nl\/wp-json\/wp\/v2\/product_tag?post=1275"}],"curies":[{"name":"wp","href":"https:\/\/api.w.org\/{rel}","templated":true}]}}