{"id":1875,"date":"2026-01-10T17:52:59","date_gmt":"2026-01-10T17:52:59","guid":{"rendered":"https:\/\/delroysnaturaladvice.com\/?post_type=product&#038;p=1875"},"modified":"2026-01-10T17:53:50","modified_gmt":"2026-01-10T17:53:50","slug":"detox-voetpleisters","status":"publish","type":"product","link":"https:\/\/delroysnaturaladvice.com\/nl\/product\/detox-voetpleisters\/","title":{"rendered":"Detox voetpleisters"},"content":{"rendered":"<p data-start=\"351\" data-end=\"690\">De voetzolen worden vaak beschouwd als een geschikte plaats voor uitwendige toepassingen vanwege de hoge concentratie zenuwuiteinden. De pleister absorbeert zweet van de voetzool, dat afvalstoffen uit lichaamsvloeistoffen kan bevatten. Deze stoffen kunnen de volgende ochtend zichtbaar zijn op de voetpleisters.<\/p>\n<h6 data-start=\"697\" data-end=\"718\"><strong data-start=\"701\" data-end=\"718\">Gezondheidsclaims<\/strong><\/h6>\n<p data-start=\"719\" data-end=\"739\">On hold*<br data-start=\"727\" data-end=\"730\" \/>Toegestaan<\/p>\n<h6 data-start=\"746\" data-end=\"765\"><strong data-start=\"750\" data-end=\"765\">Ingredi\u00ebnten<\/strong><\/h6>\n<p data-start=\"766\" data-end=\"932\" class=\"translation-block\">Bamboeazijnpoeder 70%\nBijvoetpoeder (*Artemisia vulgaris*) 15%\nDextrine 10%\nPlantaardige vezels 5%\nChitine 3%\nToermalijn 3%\nVitamine C 2%\nAnionpoeder 2%<\/p>\n<h6 data-start=\"939\" data-end=\"964\"><strong data-start=\"943\" data-end=\"964\">Overige ingredi\u00ebnten:<\/strong><\/h6>\n<p data-start=\"965\" data-end=\"968\">\u2013<\/p>\n<h6 data-start=\"975\" data-end=\"1000\"><strong data-start=\"979\" data-end=\"1000\">Gebruiksaanwijzingen<\/strong><\/h6>\n<p data-start=\"1001\" data-end=\"1338\">Breng de pleisters \u2019s avonds aan op schone, droge voeten. Gebruik per voet \u00e9\u00e9n pleister en \u00e9\u00e9n pad. Plaats de pleister op de voetzool en laat deze 8 tot 12 uur zitten, bij voorkeur gedurende de nacht. Verwijder de pleister \u2019s ochtends en gooi deze weg. Gebruik maximaal 5 dagen achter elkaar. Houd daarna minimaal 2 dagen rust aan voordat u een nieuwe kuur start.<\/p>\n<h6 data-start=\"1345\" data-end=\"1361\"><strong data-start=\"1349\" data-end=\"1361\">Waarschuwingen<\/strong><\/h6>\n<p data-start=\"1362\" data-end=\"1505\" class=\"translation-block\">Uitsluitend voor uitwendig gebruik.\nBuiten bereik en zicht van kinderen houden.\nNiet aanbrengen op een beschadigde of ge\u00efrriteerde huid.\nStop het gebruik indien irritatie optreedt.<\/p>\n<h6 data-start=\"1512\" data-end=\"1529\"><strong data-start=\"1516\" data-end=\"1529\">Allergenen<\/strong><\/h6>\n<p data-start=\"1530\" data-end=\"1533\">\u2013<\/p>","protected":false},"excerpt":{"rendered":"<p data-start=\"389\" data-end=\"584\">De voetzolen worden vaak gebruikt voor uitwendige toepassingen. De pleister absorbeert zweet van de voetzool, dat afvalstoffen kan bevatten die na gebruik zichtbaar kunnen zijn op de pleister.<\/p>\n<h6 data-start=\"1716\" data-end=\"1732\"><strong data-start=\"1720\" data-end=\"1732\">Verzending<\/strong><\/h6>\n<p data-start=\"1733\" data-end=\"1884\">\u20ac4.95 NL (Gratis &gt; \u20ac60) \u00b7 \u20ac12 BE \u00b7<br data-start=\"1765\" data-end=\"1768\" \/>\u20ac35 Caribbean (Bonaire \/ Saba \/ St. Eustatius \/ St. Maarten \/ Cura\u00e7ao \/ Aruba)<br data-start=\"1846\" data-end=\"1849\" \/>Levertijden vari\u00ebren per bestemming.<\/p>","protected":false},"featured_media":1876,"comment_status":"open","ping_status":"closed","template":"","meta":{"_kad_post_transparent":"default","_kad_post_title":"","_kad_post_layout":"default","_kad_post_sidebar_id":"","_kad_post_content_style":"default","_kad_post_vertical_padding":"default","_kad_post_feature":"","_kad_post_feature_position":"","_kad_post_header":false,"_kad_post_footer":false,"_kad_post_classname":""},"product_brand":[],"product_cat":[70],"product_tag":[79],"class_list":{"0":"post-1875","1":"product","2":"type-product","3":"status-publish","4":"has-post-thumbnail","6":"product_cat-herbs-en","7":"product_tag-detox","9":"first","10":"instock","11":"taxable","12":"shipping-taxable","13":"purchasable","14":"product-type-simple","15":"entry","16":"content-bg","17":"loop-entry"},"jetpack_sharing_enabled":true,"jetpack-related-posts":[{"id":1901,"url":"https:\/\/delroysnaturaladvice.com\/nl\/product\/magnesium-complex-60-capsules\/","url_meta":{"origin":1875,"position":0},"title":"Magnesium Complex 60 capsules","author":"Delroy","date":"januari 11, 2026","format":false,"excerpt":"Magnesium Complex by Plantovitamins combines highly absorbable forms of magnesium with nettle and Tremella mushroom to support muscles, the nervous system, energy metabolism, and mental balance. Shipping \u20ac4.95 NL (Free > \u20ac60) \u00b7 \u20ac12 BE \u00b7\u20ac35 Caribbean (Bonaire \/ Saba \/ St. Eustatius \/ St. Maarten \/ Cura\u00e7ao \/ Aruba)Delivery\u2026","rel":"","context":"Soortgelijk bericht","block_context":{"text":"Soortgelijk bericht","link":""},"img":{"alt_text":"","src":"https:\/\/i0.wp.com\/delroysnaturaladvice.com\/wp-content\/uploads\/2026\/01\/plant-ovitamins-signed-by-nature-magnesium-complex.webp?resize=350%2C200&ssl=1","width":350,"height":200,"srcset":"https:\/\/i0.wp.com\/delroysnaturaladvice.com\/wp-content\/uploads\/2026\/01\/plant-ovitamins-signed-by-nature-magnesium-complex.webp?resize=350%2C200&ssl=1 1x, https:\/\/i0.wp.com\/delroysnaturaladvice.com\/wp-content\/uploads\/2026\/01\/plant-ovitamins-signed-by-nature-magnesium-complex.webp?resize=525%2C300&ssl=1 1.5x, https:\/\/i0.wp.com\/delroysnaturaladvice.com\/wp-content\/uploads\/2026\/01\/plant-ovitamins-signed-by-nature-magnesium-complex.webp?resize=700%2C400&ssl=1 2x"},"classes":[]},{"id":1879,"url":"https:\/\/delroysnaturaladvice.com\/nl\/product\/lecithine-phosphatidylcholine-100-softgels\/","url_meta":{"origin":1875,"position":1},"title":"Lecithine (Phosphatidylcholine) 100 softgels","author":"Delroy","date":"januari 10, 2026","format":false,"excerpt":"Lecithin (Phosphatidylcholine) by Plantovitamins provides a natural source of choline to support lipid metabolism, liver function, and the structural integrity of cell membranes. Made from GMO-free soy and supplied in easy-to-take softgels. Shipping \u20ac4.95 NL (Free > \u20ac60) \u00b7 \u20ac12 BE \u00b7\u20ac35 Caribbean (Bonaire \/ Saba \/ St. Eustatius \/\u2026","rel":"","context":"Soortgelijk bericht","block_context":{"text":"Soortgelijk bericht","link":""},"img":{"alt_text":"","src":"https:\/\/i0.wp.com\/delroysnaturaladvice.com\/wp-content\/uploads\/2026\/01\/lecithine.webp?resize=350%2C200&ssl=1","width":350,"height":200,"srcset":"https:\/\/i0.wp.com\/delroysnaturaladvice.com\/wp-content\/uploads\/2026\/01\/lecithine.webp?resize=350%2C200&ssl=1 1x, https:\/\/i0.wp.com\/delroysnaturaladvice.com\/wp-content\/uploads\/2026\/01\/lecithine.webp?resize=525%2C300&ssl=1 1.5x, https:\/\/i0.wp.com\/delroysnaturaladvice.com\/wp-content\/uploads\/2026\/01\/lecithine.webp?resize=700%2C400&ssl=1 2x, https:\/\/i0.wp.com\/delroysnaturaladvice.com\/wp-content\/uploads\/2026\/01\/lecithine.webp?resize=1050%2C600&ssl=1 3x"},"classes":[]},{"id":1947,"url":"https:\/\/delroysnaturaladvice.com\/nl\/product\/l-glutamine-poeder-300-gram\/","url_meta":{"origin":1875,"position":2},"title":"L-Glutamine Poeder 300 gram","author":"Delroy","date":"februari 6, 2026","format":false,"excerpt":"L-Glutamine Powder by Plant O\u2019Vitamins provides pure L-glutamine in free form, without additives. A versatile, neutral-tasting amino acid powder suitable for daily use. Shipping \u20ac4.95 NL (Free > \u20ac60) \u00b7 \u20ac12 BE \u00b7\u20ac35 Caribbean (Bonaire \/ Saba \/ St. Eustatius \/ St. Maarten \/ Cura\u00e7ao \/ Aruba)Delivery times vary by\u2026","rel":"","context":"Soortgelijk bericht","block_context":{"text":"Soortgelijk bericht","link":""},"img":{"alt_text":"","src":"https:\/\/i0.wp.com\/delroysnaturaladvice.com\/wp-content\/uploads\/2026\/02\/image-1.webp?resize=350%2C200&ssl=1","width":350,"height":200,"srcset":"https:\/\/i0.wp.com\/delroysnaturaladvice.com\/wp-content\/uploads\/2026\/02\/image-1.webp?resize=350%2C200&ssl=1 1x, https:\/\/i0.wp.com\/delroysnaturaladvice.com\/wp-content\/uploads\/2026\/02\/image-1.webp?resize=525%2C300&ssl=1 1.5x, https:\/\/i0.wp.com\/delroysnaturaladvice.com\/wp-content\/uploads\/2026\/02\/image-1.webp?resize=700%2C400&ssl=1 2x, https:\/\/i0.wp.com\/delroysnaturaladvice.com\/wp-content\/uploads\/2026\/02\/image-1.webp?resize=1050%2C600&ssl=1 3x"},"classes":[]},{"id":1882,"url":"https:\/\/delroysnaturaladvice.com\/nl\/product\/raw-vitamine-c-powder-200-gram\/","url_meta":{"origin":1875,"position":3},"title":"Raw Vitamine C powder 200 gram","author":"Delroy","date":"januari 10, 2026","format":false,"excerpt":"Raw Vitamin C Powder by Plantovitamins provides vitamin C from natural fruit sources, combined with bioactive plant compounds and antioxidants. A plant-based, vegan formula with a fresh taste, suitable for daily use. Shipping \u20ac4.95 NL (Free > \u20ac60) \u00b7 \u20ac12 BE \u00b7\u20ac35 Caribbean (Bonaire \/ Saba \/ St. Eustatius \/\u2026","rel":"","context":"Soortgelijk bericht","block_context":{"text":"Soortgelijk bericht","link":""},"img":{"alt_text":"","src":"https:\/\/i0.wp.com\/delroysnaturaladvice.com\/wp-content\/uploads\/2026\/01\/image.webp?resize=350%2C200&ssl=1","width":350,"height":200,"srcset":"https:\/\/i0.wp.com\/delroysnaturaladvice.com\/wp-content\/uploads\/2026\/01\/image.webp?resize=350%2C200&ssl=1 1x, https:\/\/i0.wp.com\/delroysnaturaladvice.com\/wp-content\/uploads\/2026\/01\/image.webp?resize=525%2C300&ssl=1 1.5x, https:\/\/i0.wp.com\/delroysnaturaladvice.com\/wp-content\/uploads\/2026\/01\/image.webp?resize=700%2C400&ssl=1 2x, https:\/\/i0.wp.com\/delroysnaturaladvice.com\/wp-content\/uploads\/2026\/01\/image.webp?resize=1050%2C600&ssl=1 3x"},"classes":[]},{"id":1381,"url":"https:\/\/delroysnaturaladvice.com\/nl\/product\/vitamine-d3-1000-ie-plantovitamins-90-capsules\/","url_meta":{"origin":1875,"position":4},"title":"Vitamine D3 1000 IE Plantovitamins 90 capsules","author":"Delroy","date":"november 6, 2025","format":false,"excerpt":"A natural source of sunshine for your body. Vitamin D3 supports immune health, strong bones and muscles, balanced hormones, and a positive mood, especially during the darker months. 1000 IU per capsule, plant-based and easy to absorb. Shipping:\u00a0\u20ac4.95 NL (Free > \u20ac60) \u00b7 \u20ac12 BE \u00b7 \u20ac35 Caribbean (Bonaire \/\u2026","rel":"","context":"Soortgelijk bericht","block_context":{"text":"Soortgelijk bericht","link":""},"img":{"alt_text":"","src":"https:\/\/i0.wp.com\/delroysnaturaladvice.com\/wp-content\/uploads\/2025\/11\/plant-ovitamins-signed-by-nature-vitamine-d3-1000-1.webp?resize=350%2C200&ssl=1","width":350,"height":200,"srcset":"https:\/\/i0.wp.com\/delroysnaturaladvice.com\/wp-content\/uploads\/2025\/11\/plant-ovitamins-signed-by-nature-vitamine-d3-1000-1.webp?resize=350%2C200&ssl=1 1x, https:\/\/i0.wp.com\/delroysnaturaladvice.com\/wp-content\/uploads\/2025\/11\/plant-ovitamins-signed-by-nature-vitamine-d3-1000-1.webp?resize=525%2C300&ssl=1 1.5x, https:\/\/i0.wp.com\/delroysnaturaladvice.com\/wp-content\/uploads\/2025\/11\/plant-ovitamins-signed-by-nature-vitamine-d3-1000-1.webp?resize=700%2C400&ssl=1 2x"},"classes":[]},{"id":1265,"url":"https:\/\/delroysnaturaladvice.com\/nl\/product\/earth-strong-chaga-2\/","url_meta":{"origin":1875,"position":5},"title":"Earth Strong Chaga &#8211; blend","author":"Delroy","date":"oktober 29, 2025","format":false,"excerpt":"A wild forest adaptogenic blend that supports immunity, gut health, and natural metabolic balance.100% natural \u2022 plant-based \u2022 Non-GMO \u2022 Hand-blended in small batches. Shipping: \u20ac4.95 NL (Free > \u20ac60) \u00b7 \u20ac12 BE \u00b7 \u20ac35 Caribbean (Bonaire \/ Saba \/ St.Eustatius \/ St.Maarten \/ Cura\u00e7ao \/ Aruba) Delivery times vary\u2026","rel":"","context":"Soortgelijk bericht","block_context":{"text":"Soortgelijk bericht","link":""},"img":{"alt_text":"","src":"https:\/\/i0.wp.com\/delroysnaturaladvice.com\/wp-content\/uploads\/2025\/10\/Earth-Strong-Chaga-1.jpg?resize=350%2C200&ssl=1","width":350,"height":200},"classes":[]}],"_links":{"self":[{"href":"https:\/\/delroysnaturaladvice.com\/nl\/wp-json\/wp\/v2\/product\/1875","targetHints":{"allow":["GET"]}}],"collection":[{"href":"https:\/\/delroysnaturaladvice.com\/nl\/wp-json\/wp\/v2\/product"}],"about":[{"href":"https:\/\/delroysnaturaladvice.com\/nl\/wp-json\/wp\/v2\/types\/product"}],"replies":[{"embeddable":true,"href":"https:\/\/delroysnaturaladvice.com\/nl\/wp-json\/wp\/v2\/comments?post=1875"}],"wp:featuredmedia":[{"embeddable":true,"href":"https:\/\/delroysnaturaladvice.com\/nl\/wp-json\/wp\/v2\/media\/1876"}],"wp:attachment":[{"href":"https:\/\/delroysnaturaladvice.com\/nl\/wp-json\/wp\/v2\/media?parent=1875"}],"wp:term":[{"taxonomy":"product_brand","embeddable":true,"href":"https:\/\/delroysnaturaladvice.com\/nl\/wp-json\/wp\/v2\/product_brand?post=1875"},{"taxonomy":"product_cat","embeddable":true,"href":"https:\/\/delroysnaturaladvice.com\/nl\/wp-json\/wp\/v2\/product_cat?post=1875"},{"taxonomy":"product_tag","embeddable":true,"href":"https:\/\/delroysnaturaladvice.com\/nl\/wp-json\/wp\/v2\/product_tag?post=1875"}],"curies":[{"name":"wp","href":"https:\/\/api.w.org\/{rel}","templated":true}]}}