{"id":2001,"date":"2026-03-18T07:58:00","date_gmt":"2026-03-18T07:58:00","guid":{"rendered":"https:\/\/delroysnaturaladvice.com\/?post_type=product&#038;p=2001"},"modified":"2026-05-12T19:41:21","modified_gmt":"2026-05-12T19:41:21","slug":"raw-whole-food-multi-plantovitamins-90-tabletten","status":"publish","type":"product","link":"https:\/\/delroysnaturaladvice.com\/nl\/product\/raw-whole-food-multi-plantovitamins-90-tabletten\/","title":{"rendered":"Raw Whole Food Multi Plantovitamins 90 capsules"},"content":{"rendered":"<p data-start=\"41\" data-end=\"318\" class=\"translation-block\">Raw Whole Food Multi van Plant O\u2019Vitamins\n is een zorgvuldig samengestelde whole food multivitamine met een breed spectrum aan vitamines, mineralen, plantenextracten, enzymen en fytonutri\u00ebnten in \u00e9\u00e9n dagelijkse formule.\n\nDe samenstelling is geoptimaliseerd met een zuiverdere formule, minder onnodige hulpstoffen en een verbeterde opname. Geselecteerde groenten en fruit van gecertificeerde biologische oorsprong worden geoogst op het moment van volledige rijpheid en verwerkt volgens milde methoden om natuurlijk aanwezige vitamines, enzymen en antioxidanten zoveel mogelijk te behouden.\n\nNaast essenti\u00eble vitamines en mineralen bevat deze formule botanische ingredi\u00ebnten zoals Koreaanse ginseng, ginkgo biloba en echinacea, kruiden die traditioneel worden gebruikt ter ondersteuning van vitaliteit, focus en weerstand.\n\nDeze uitgebreide multi bevat daarnaast green foods, spijsverteringsenzymen, paddenstoelenextracten, omega-rijke plantaardige ingredi\u00ebnten en kruidenmengsels, waardoor het een veelzijdige aanvulling vormt op een evenwichtige levensstijl.<\/p>\n<p data-start=\"41\" data-end=\"318\">In addition to essential vitamins and minerals, this formula contains botanical ingredients such as Korean ginseng, ginkgo biloba and echinacea, traditionally used within herbal practices related to vitality, focus and resistance. This comprehensive multi also contains green foods, digestive enzymes, mushroom extracts, omega-rich plant ingredients and herbal blends, making it a versatile addition to a balanced lifestyle.<\/p>\n<h2 data-start=\"1071\" data-end=\"1093\">Onderzoeksachtergrond<\/h2>\n<p data-start=\"1095\" data-end=\"1353\">Whole food multivitaminen combineren essenti\u00eble micronutri\u00ebnten met natuurlijk aanwezige fytonutri\u00ebnten, enzymen en botanische verbindingen. Moderne voedingspatronen, stress, voedselverwerking en leefstijlfactoren kunnen bijdragen aan een lagere inname van bepaalde voedingsstoffen.\nDeze formule combineert actieve vitamines, goed opneembare mineralen, plantenextracten, green foods, spijsverteringsenzymen en paddenstoelenextracten in \u00e9\u00e9n breed samengestelde dagelijkse multivitamine.<\/p>\n<h2 data-start=\"1528\" data-end=\"1547\">Toegestane claims*<\/h2>\n<ul data-start=\"1549\" data-end=\"2204\">\n<li data-start=\"1549\" data-end=\"1616\">Vitamine C draagt bij tot de normale werking van het immuunsysteem<\/li>\n<li data-start=\"1617\" data-end=\"1687\">Vitamine D draagt bij tot de instandhouding van normale botten en spieren<\/li>\n<li data-start=\"1688\" data-end=\"1753\">Magnesium draagt bij tot de vermindering van vermoeidheid en moeheid<\/li>\n<li data-start=\"1754\" data-end=\"1816\">Vitamine B12 draagt bij tot een normaal energieleverend metabolisme<\/li>\n<li data-start=\"1817\" data-end=\"1864\">Zink draagt bij tot een normale cognitieve functie<\/li>\n<li data-start=\"1865\" data-end=\"1937\">Vitamine C draagt bij tot de bescherming van cellen tegen oxidatieve stress<\/li>\n<li data-start=\"1938\" data-end=\"2001\">Biotine draagt bij tot de instandhouding van normaal haar en een normale huid<\/li>\n<li data-start=\"2002\" data-end=\"2067\">Calcium draagt bij tot de normale werking van spijsverteringsenzymen<\/li>\n<li data-start=\"2068\" data-end=\"2124\">Magnesium draagt bij tot een normale psychologische functie<\/li>\n<li data-start=\"2125\" data-end=\"2204\">B-vitamines dragen bij tot de normale werking van het zenuwstelsel<\/li>\n<\/ul>\n<p data-start=\"2206\" data-end=\"2272\">*Claims gebruikt conform de geldende EU-wetgeving.<\/p>\n<h2 data-start=\"2279\" data-end=\"2293\">Ingredi\u00ebnten<\/h2>\n<h3 data-start=\"2295\" data-end=\"2310\">Per Capsule<\/h3>\n<p class=\"translation-block\">Vitamine A (Beta-caroteen) \u2013 250 mcg\nVitamine C (Calciumascorbaat) \u2013 40 mg\nVitamine D3 (uit korstmos) \u2013 16,67 mcg\nVitamine E (D-alfa-tocoferylacetaat) \u2013 6,71 mg\nThiamine (Vitamine B1) \u2013 8,33 mg\nRiboflavine (Vitamine B2) \u2013 8,33 mg\nNiacinamide (Vitamine B3) \u2013 8,33 mg\nVitamine B6 (Pyridoxaal-5-fosfaat) \u2013 1,5 mg\nFolaat (5-MTHF) \u2013 133,33 mcg\nVitamine B12 (Methylcobalamine) \u2013 166,67 mcg\nBiotine \u2013 333,33 mcg\nPantotheenzuur \u2013 10 mg\nCalcium \u2013 40 mg\nIJzer \u2013 6 mg\nJodium \u2013 50 mcg\nMagnesiumcitraat \u2013 20 mg\nZinkcitraat \u2013 5 mg\nSelenium \u2013 8,33 mcg\nKoper \u2013 0,17 mg\nMangaan \u2013 0,67 mg\nChroompicolinaat \u2013 33,33 mcg\nMolybdeen \u2013 17 mcg\nKalium \u2013 16,67 mg\nCholine \u2013 3,33 mg\nInositol \u2013 3,33 mg\nBoron \u2013 0,33 mg\nLute\u00efne \u2013 3,33 mcg\nCitrus bioflavono\u00efden blend \u2013 16,67 mg\nDigestive enzyme blend \u2013 16,67 mg\nOmega blend \u2013 33,33 mg\nGreen &amp; whole food blend \u2013 30 mg\nHerbal blend \u2013 30 mg\nVegetable blend \u2013 30 mg\nFruit blend \u2013 33,33 mg\nMushroom blend \u2013 16,67 mg\nL-Leucine \u2013 7 mg<\/p>\n<h2 data-start=\"1068\" data-end=\"1088\">Overige ingredi\u00ebnten:<\/h2>\n<p data-start=\"1090\" data-end=\"1141\" data-is-last-node=\"\" data-is-only-node=\"\" class=\"translation-block\">Microkristallijne cellulose\nHPMC plantaardige capsule<\/p>\n<h2 data-start=\"3423\" data-end=\"3444\">Gebruiksaanwijzing<\/h2>\n<p data-start=\"3446\" data-end=\"3538\">Alleen voor volwassenen. Tenzij anders geadviseerd, neem 2 keer per dag 1 capsule, bij voorkeur tijdens de maaltijd.<\/p>\n<h2 data-start=\"3545\" data-end=\"3556\">Waarschuwingen<\/h2>\n<p data-start=\"3558\" data-end=\"4049\">Dit is een voedingssupplement. De aanbevolen dagelijkse dosering niet overschrijden. Voedingssupplementen zijn geen vervanging van een gevarieerde, evenwichtige voeding en een gezonde levensstijl. Natuurlijke supplementen kunnen invloed hebben op sommige geneesmiddelen. Raadpleeg een deskundige v\u00f3\u00f3r gebruik bij zwangerschap, borstvoeding of medicijngebruik. Voorzichtig gebruiken bij gevoeligheid voor planten uit de composietenfamilie. Buiten bereik van kinderen houden. Droog, koel en buiten direct zonlicht bewaren.<\/p>\n<h2 data-start=\"4056\" data-end=\"4078\">Allergy Information<\/h2>\n<p data-start=\"4080\" data-end=\"4081\">\u2014<\/p>","protected":false},"excerpt":{"rendered":"<h2 data-start=\"4088\" data-end=\"4108\">Short Description<\/h2>\n<p data-start=\"4110\" data-end=\"4331\">A broad-spectrum whole food multivitamin with active vitamins, minerals, greens, enzymes, mushrooms and botanical extracts. Designed to support energy, immunity, focus and daily vitality with clean, plant-based nutrition.<\/p>\n<h2 data-start=\"4338\" data-end=\"4349\">Verzending<\/h2>\n<p data-start=\"4351\" data-end=\"4510\" data-is-last-node=\"\" data-is-only-node=\"\">Shipping: \u20ac4.95 NL (Free &gt; \u20ac60) \u00b7 \u20ac12 BE \u00b7<br data-start=\"4393\" data-end=\"4396\" \/>\u20ac35 Caribbean (Bonaire \/ Saba \/ St.Eustatius \/ St.Maarten \/ Cura\u00e7ao \/ Aruba)<br data-start=\"4472\" data-end=\"4475\" \/>Levertijden vari\u00ebren per bestemming.<\/p>","protected":false},"featured_media":2002,"comment_status":"open","ping_status":"closed","template":"","meta":{"_kad_post_transparent":"default","_kad_post_title":"","_kad_post_layout":"default","_kad_post_sidebar_id":"","_kad_post_content_style":"default","_kad_post_vertical_padding":"default","_kad_post_feature":"","_kad_post_feature_position":"","_kad_post_header":false,"_kad_post_footer":false,"_kad_post_classname":""},"product_brand":[101],"product_cat":[99,68,57,100,92],"product_tag":[],"class_list":{"0":"post-2001","1":"product","2":"type-product","3":"status-publish","4":"has-post-thumbnail","6":"product_brand-plant-o-vitamins","7":"product_cat-fruits","8":"product_cat-herbs","9":"product_cat-kruiden","10":"product_cat-mineral","11":"product_cat-vitamin","13":"first","14":"instock","15":"taxable","16":"shipping-taxable","17":"purchasable","18":"product-type-simple","19":"entry","20":"content-bg","21":"loop-entry"},"jetpack_sharing_enabled":true,"jetpack-related-posts":[{"id":1277,"url":"https:\/\/delroysnaturaladvice.com\/nl\/product\/optimal-enzyme-formula-plantovitamins-60-capsules\/","url_meta":{"origin":2001,"position":0},"title":"Optimal Enzyme Formula 60 Capsules","author":"Delroy","date":"oktober 30, 2025","format":false,"excerpt":"A keto-friendly digestive enzyme complex with DPP-IV activity, Boswellia (frankincense), and Myrrh to support healthy digestion and overall well-being. Shipping: \u20ac4.95 NL (Free > \u20ac60) \u00b7 \u20ac12 BE \u00b7 \u20ac35 Caribbean (Bonaire \/ Saba \/ St.Eustatius \/ St.Maarten \/ Cura\u00e7ao \/ Aruba) Delivery times vary by destination.","rel":"","context":"Soortgelijk bericht","block_context":{"text":"Soortgelijk bericht","link":""},"img":{"alt_text":"","src":"https:\/\/i0.wp.com\/delroysnaturaladvice.com\/wp-content\/uploads\/2025\/10\/image.webp?resize=350%2C200&ssl=1","width":350,"height":200,"srcset":"https:\/\/i0.wp.com\/delroysnaturaladvice.com\/wp-content\/uploads\/2025\/10\/image.webp?resize=350%2C200&ssl=1 1x, https:\/\/i0.wp.com\/delroysnaturaladvice.com\/wp-content\/uploads\/2025\/10\/image.webp?resize=525%2C300&ssl=1 1.5x, https:\/\/i0.wp.com\/delroysnaturaladvice.com\/wp-content\/uploads\/2025\/10\/image.webp?resize=700%2C400&ssl=1 2x, https:\/\/i0.wp.com\/delroysnaturaladvice.com\/wp-content\/uploads\/2025\/10\/image.webp?resize=1050%2C600&ssl=1 3x"},"classes":[]},{"id":1882,"url":"https:\/\/delroysnaturaladvice.com\/nl\/product\/raw-vitamine-c-powder-200-gram\/","url_meta":{"origin":2001,"position":1},"title":"Raw Vitamine C powder 200 gram","author":"Delroy","date":"januari 10, 2026","format":false,"excerpt":"Raw Vitamin C Powder by Plantovitamins provides vitamin C from natural fruit sources, combined with bioactive plant compounds and antioxidants. A plant-based, vegan formula with a fresh taste, suitable for daily use. Shipping \u20ac4.95 NL (Free > \u20ac60) \u00b7 \u20ac12 BE \u00b7\u20ac35 Caribbean (Bonaire \/ Saba \/ St. Eustatius \/\u2026","rel":"","context":"Soortgelijk bericht","block_context":{"text":"Soortgelijk bericht","link":""},"img":{"alt_text":"","src":"https:\/\/i0.wp.com\/delroysnaturaladvice.com\/wp-content\/uploads\/2026\/01\/image.webp?resize=350%2C200&ssl=1","width":350,"height":200,"srcset":"https:\/\/i0.wp.com\/delroysnaturaladvice.com\/wp-content\/uploads\/2026\/01\/image.webp?resize=350%2C200&ssl=1 1x, https:\/\/i0.wp.com\/delroysnaturaladvice.com\/wp-content\/uploads\/2026\/01\/image.webp?resize=525%2C300&ssl=1 1.5x, https:\/\/i0.wp.com\/delroysnaturaladvice.com\/wp-content\/uploads\/2026\/01\/image.webp?resize=700%2C400&ssl=1 2x, https:\/\/i0.wp.com\/delroysnaturaladvice.com\/wp-content\/uploads\/2026\/01\/image.webp?resize=1050%2C600&ssl=1 3x"},"classes":[]},{"id":1471,"url":"https:\/\/delroysnaturaladvice.com\/nl\/product\/plant-omune-plantovitamins-60-capsules\/","url_meta":{"origin":2001,"position":2},"title":"Plant O&#8217;Mune Plantovitamins 60 capsules","author":"Delroy","date":"november 8, 2025","format":false,"excerpt":"A synergistic botanical complex with enzymes, plant extracts and bioactive compounds including bromelain, NAC, nattokinase, oregano and dandelion root. Traditionally used to support digestion, respiratory health and natural resistance.* Shipping: \u20ac4.95 NL (Free > \u20ac60) \u00b7 \u20ac12 BE \u00b7 \u20ac35 Caribbean (Bonaire \/ Saba \/ St.Eustatius \/ St.Maarten \/ Cura\u00e7ao\u2026","rel":"","context":"Soortgelijk bericht","block_context":{"text":"Soortgelijk bericht","link":""},"img":{"alt_text":"","src":"https:\/\/i0.wp.com\/delroysnaturaladvice.com\/wp-content\/uploads\/2025\/11\/plant-ovitamins-signed-by-nature-nieuw-plant-omune.webp?resize=350%2C200&ssl=1","width":350,"height":200,"srcset":"https:\/\/i0.wp.com\/delroysnaturaladvice.com\/wp-content\/uploads\/2025\/11\/plant-ovitamins-signed-by-nature-nieuw-plant-omune.webp?resize=350%2C200&ssl=1 1x, https:\/\/i0.wp.com\/delroysnaturaladvice.com\/wp-content\/uploads\/2025\/11\/plant-ovitamins-signed-by-nature-nieuw-plant-omune.webp?resize=525%2C300&ssl=1 1.5x, https:\/\/i0.wp.com\/delroysnaturaladvice.com\/wp-content\/uploads\/2025\/11\/plant-ovitamins-signed-by-nature-nieuw-plant-omune.webp?resize=700%2C400&ssl=1 2x"},"classes":[]},{"id":1901,"url":"https:\/\/delroysnaturaladvice.com\/nl\/product\/magnesium-complex-60-capsules\/","url_meta":{"origin":2001,"position":3},"title":"Magnesium Complex 60 capsules","author":"Delroy","date":"januari 11, 2026","format":false,"excerpt":"Magnesium Complex by Plantovitamins combines highly absorbable forms of magnesium with nettle and Tremella mushroom to support muscles, the nervous system, energy metabolism, and mental balance. Shipping \u20ac4.95 NL (Free > \u20ac60) \u00b7 \u20ac12 BE \u00b7\u20ac35 Caribbean (Bonaire \/ Saba \/ St. Eustatius \/ St. Maarten \/ Cura\u00e7ao \/ Aruba)Delivery\u2026","rel":"","context":"Soortgelijk bericht","block_context":{"text":"Soortgelijk bericht","link":""},"img":{"alt_text":"","src":"https:\/\/i0.wp.com\/delroysnaturaladvice.com\/wp-content\/uploads\/2026\/01\/plant-ovitamins-signed-by-nature-magnesium-complex.webp?resize=350%2C200&ssl=1","width":350,"height":200,"srcset":"https:\/\/i0.wp.com\/delroysnaturaladvice.com\/wp-content\/uploads\/2026\/01\/plant-ovitamins-signed-by-nature-magnesium-complex.webp?resize=350%2C200&ssl=1 1x, https:\/\/i0.wp.com\/delroysnaturaladvice.com\/wp-content\/uploads\/2026\/01\/plant-ovitamins-signed-by-nature-magnesium-complex.webp?resize=525%2C300&ssl=1 1.5x, https:\/\/i0.wp.com\/delroysnaturaladvice.com\/wp-content\/uploads\/2026\/01\/plant-ovitamins-signed-by-nature-magnesium-complex.webp?resize=700%2C400&ssl=1 2x"},"classes":[]},{"id":1381,"url":"https:\/\/delroysnaturaladvice.com\/nl\/product\/vitamine-d3-1000-ie-plantovitamins-90-capsules\/","url_meta":{"origin":2001,"position":4},"title":"Vitamine D3 1000 IE Plantovitamins 90 capsules","author":"Delroy","date":"november 6, 2025","format":false,"excerpt":"A natural source of sunshine for your body. Vitamin D3 supports immune health, strong bones and muscles, balanced hormones, and a positive mood, especially during the darker months. 1000 IU per capsule, plant-based and easy to absorb. Shipping:\u00a0\u20ac4.95 NL (Free > \u20ac60) \u00b7 \u20ac12 BE \u00b7 \u20ac35 Caribbean (Bonaire \/\u2026","rel":"","context":"Soortgelijk bericht","block_context":{"text":"Soortgelijk bericht","link":""},"img":{"alt_text":"","src":"https:\/\/i0.wp.com\/delroysnaturaladvice.com\/wp-content\/uploads\/2025\/11\/plant-ovitamins-signed-by-nature-vitamine-d3-1000-1.webp?resize=350%2C200&ssl=1","width":350,"height":200,"srcset":"https:\/\/i0.wp.com\/delroysnaturaladvice.com\/wp-content\/uploads\/2025\/11\/plant-ovitamins-signed-by-nature-vitamine-d3-1000-1.webp?resize=350%2C200&ssl=1 1x, https:\/\/i0.wp.com\/delroysnaturaladvice.com\/wp-content\/uploads\/2025\/11\/plant-ovitamins-signed-by-nature-vitamine-d3-1000-1.webp?resize=525%2C300&ssl=1 1.5x, https:\/\/i0.wp.com\/delroysnaturaladvice.com\/wp-content\/uploads\/2025\/11\/plant-ovitamins-signed-by-nature-vitamine-d3-1000-1.webp?resize=700%2C400&ssl=1 2x"},"classes":[]},{"id":1890,"url":"https:\/\/delroysnaturaladvice.com\/nl\/product\/vitamin-c-1000-mg-calcium-ascorbate-1509-tabletten\/","url_meta":{"origin":2001,"position":5},"title":"Vitamine C 1000 mg Calcium Ascorbaat 150 tabletten","author":"Delroy","date":"januari 11, 2026","format":false,"excerpt":"Vitamin C 1000 mg Calcium Ascorbate by Plantovitamins provides a high dose of vitamin C in a non-acidic, stomach-friendly form. Enriched with bioflavonoids, acerola, and rutin for enhanced absorption. Suitable for daily use. Shipping \u20ac4.95 NL (Free > \u20ac60) \u00b7 \u20ac12 BE \u00b7\u20ac35 Caribbean (Bonaire \/ Saba \/ St. Eustatius\u2026","rel":"","context":"Soortgelijk bericht","block_context":{"text":"Soortgelijk bericht","link":""},"img":{"alt_text":"","src":"https:\/\/i0.wp.com\/delroysnaturaladvice.com\/wp-content\/uploads\/2026\/01\/plant-ovitamins-signed-by-nature-vitamine-c-1000-m.webp?resize=350%2C200&ssl=1","width":350,"height":200,"srcset":"https:\/\/i0.wp.com\/delroysnaturaladvice.com\/wp-content\/uploads\/2026\/01\/plant-ovitamins-signed-by-nature-vitamine-c-1000-m.webp?resize=350%2C200&ssl=1 1x, https:\/\/i0.wp.com\/delroysnaturaladvice.com\/wp-content\/uploads\/2026\/01\/plant-ovitamins-signed-by-nature-vitamine-c-1000-m.webp?resize=525%2C300&ssl=1 1.5x, https:\/\/i0.wp.com\/delroysnaturaladvice.com\/wp-content\/uploads\/2026\/01\/plant-ovitamins-signed-by-nature-vitamine-c-1000-m.webp?resize=700%2C400&ssl=1 2x"},"classes":[]}],"_links":{"self":[{"href":"https:\/\/delroysnaturaladvice.com\/nl\/wp-json\/wp\/v2\/product\/2001","targetHints":{"allow":["GET"]}}],"collection":[{"href":"https:\/\/delroysnaturaladvice.com\/nl\/wp-json\/wp\/v2\/product"}],"about":[{"href":"https:\/\/delroysnaturaladvice.com\/nl\/wp-json\/wp\/v2\/types\/product"}],"replies":[{"embeddable":true,"href":"https:\/\/delroysnaturaladvice.com\/nl\/wp-json\/wp\/v2\/comments?post=2001"}],"wp:featuredmedia":[{"embeddable":true,"href":"https:\/\/delroysnaturaladvice.com\/nl\/wp-json\/wp\/v2\/media\/2002"}],"wp:attachment":[{"href":"https:\/\/delroysnaturaladvice.com\/nl\/wp-json\/wp\/v2\/media?parent=2001"}],"wp:term":[{"taxonomy":"product_brand","embeddable":true,"href":"https:\/\/delroysnaturaladvice.com\/nl\/wp-json\/wp\/v2\/product_brand?post=2001"},{"taxonomy":"product_cat","embeddable":true,"href":"https:\/\/delroysnaturaladvice.com\/nl\/wp-json\/wp\/v2\/product_cat?post=2001"},{"taxonomy":"product_tag","embeddable":true,"href":"https:\/\/delroysnaturaladvice.com\/nl\/wp-json\/wp\/v2\/product_tag?post=2001"}],"curies":[{"name":"wp","href":"https:\/\/api.w.org\/{rel}","templated":true}]}}